{"id":8682,"date":"2022-12-17T10:39:45","date_gmt":"2022-12-17T10:39:45","guid":{"rendered":"https:\/\/ekodev.com\/?page_id=8682"},"modified":"2024-06-28T13:09:45","modified_gmt":"2024-06-28T13:09:45","slug":"informacion-legal","status":"publish","type":"page","link":"https:\/\/ekodev.com\/es\/informacion-legal\/","title":{"rendered":"Informaci\u00f3n legal"},"content":{"rendered":"<p style=\"text-align: justify;\">De conformidad con las disposiciones de la Ley n\u00ba 2004-575 de 21 de junio de 2004 sobre la confianza en la econom\u00eda digital, se informa a los usuarios del sitio web ekodev de la identidad de las distintas partes implicadas en su creaci\u00f3n y seguimiento.<\/p>\n<p>&nbsp;<\/p>\n<h3 style=\"text-align: justify;\"><strong>Editor del sitio<\/strong><\/h3>\n<p style=\"text-align: justify;\">SAS ekodev<\/p>\n<p style=\"text-align: justify;\">Capital social: 15.000 euros<\/p>\n<p style=\"text-align: justify;\">RCS: Par\u00eds B 518 412 432<\/p>\n<p style=\"text-align: justify;\">Domicilio social: 8 Boulevard du Montparnasse<\/p>\n<p style=\"text-align: justify;\">Tel\u00e9fono: 01 84 16 45 30<\/p>\n<p style=\"text-align: justify;\">P\u00e1gina web: <a href=\"https:\/\/ekodev.com\/\">https:\/\/ekodev.com\/<\/a><\/p>\n<h2><\/h2>\n<h3 style=\"text-align: justify;\"><strong>Alojamiento<\/strong><\/h3>\n<p style=\"text-align: justify;\">OVH<\/p>\n<p style=\"text-align: justify;\">SAS con capital de 10.069.020 euros<\/p>\n<p style=\"text-align: justify;\">RCS Lille M\u00e9tropole 424 761 419 00045<\/p>\n<p style=\"text-align: justify;\">C\u00f3digo APE 2620Z<\/p>\n<p style=\"text-align: justify;\">N\u00daMERO DE IVA: FR 22 424 761 419<\/p>\n<p style=\"text-align: justify;\">Domicilio social: 2 rue Kellermann 59100 Roubaix<\/p>\n<p>&nbsp;<\/p>\n<h3 style=\"text-align: justify;\"><strong>Director de la publicaci\u00f3n<\/strong><\/h3>\n<p style=\"text-align: justify;\">Thomas Chauveau<\/p>\n<p style=\"text-align: justify;\">Responsable de comunicaci\u00f3n<\/p>\n<p style=\"text-align: justify;\">tchauveau@ekodev.com<\/p>\n<p style=\"text-align: justify;\">01 84 16 45 30<\/p>\n<p style=\"text-align: justify;\"><strong>\u00a0<\/strong><\/p>\n<h3 style=\"text-align: justify;\"><strong>Derechos de propiedad intelectual<\/strong><\/h3>\n<p style=\"text-align: justify;\">Todo este sitio web se rige por la legislaci\u00f3n francesa e internacional sobre derechos de autor y propiedad intelectual. Quedan reservados todos los derechos de reproducci\u00f3n, incluidos los documentos descargables y las representaciones iconogr\u00e1ficas. Salvo indicaci\u00f3n contraria, el contenido del sitio es propiedad de ekodev. Por consiguiente, cualquier utilizaci\u00f3n del contenido del sitio s\u00f3lo podr\u00e1 hacerse con la autorizaci\u00f3n escrita de ekodev, que sigue siendo el \u00fanico juez. Toda reproducci\u00f3n o representaci\u00f3n, incluso parcial, por cualquier medio, sin el consentimiento escrito de ekodev est\u00e1 prohibida y es il\u00edcita. El incumplimiento de esta prohibici\u00f3n constituye una infracci\u00f3n que puede comprometer la responsabilidad civil y penal del infractor.<\/p>\n<p>&nbsp;<\/p>\n<h3 style=\"text-align: justify;\"><strong>Protecci\u00f3n de datos personales<\/strong><\/h3>\n<p style=\"text-align: justify;\">La direcci\u00f3n de correo electr\u00f3nico y cualquier otro dato personal incluido voluntariamente por el Usuario para identificarse en el Sitio Web, en su correo electr\u00f3nico enviado a la Empresa, la direcci\u00f3n IP (Internet Protocol) de su conexi\u00f3n a Internet, las caracter\u00edsticas de su software de navegaci\u00f3n, son los \u00fanicos datos personales susceptibles de ser recogidos a trav\u00e9s del Sitio Web y tratados por la Empresa (en adelante, los &#8220;Datos Personales&#8221;).<\/p>\n<p style=\"text-align: justify;\">La Sociedad es responsable del tratamiento de los Datos Personales por cuenta propia.<\/p>\n<p style=\"text-align: justify;\">Estos datos se almacenan y utilizan \u00fanicamente con el fin de responder a los correos electr\u00f3nicos enviados a la Empresa y a sus miembros, garantizar la seguridad inform\u00e1tica del Sitio Web y\/o de los servidores en los que se aloja, recopilar estad\u00edsticas de consulta del Sitio Web, enviar a los Usuarios un bolet\u00edn informativo por correo electr\u00f3nico, comunicar informaci\u00f3n comercial, garantizar la recepci\u00f3n de los documentos descargados del Sitio Web y comunicar informaci\u00f3n a los clientes de nuestra empresa. Los datos anteriores se conservan durante el tiempo necesario para los fines para los que se recogen y procesan.<\/p>\n<p style=\"text-align: justify;\">Utilizamos Sendinblue como plataforma de marketing. Al enviar los formularios del Sitio, usted acepta que la informaci\u00f3n que proporcione se transmita a Sendinblue en su calidad de procesador de datos, de conformidad con sus condiciones generales de uso.<\/p>\n<p style=\"text-align: justify;\">Cada Usuario tiene derecho a acceder, modificar, rectificar y suprimir sus Datos Personales. Los Usuarios que acrediten su identidad podr\u00e1n, en cualquier momento, solicitar que sus datos personales sean modificados o eliminados del Sitio Web y\/o de nuestras bases de datos, enviando un correo electr\u00f3nico a rgpd@ekodev.com o por correo postal a :<\/p>\n<p style=\"text-align: center;\">ekodev<\/p>\n<p style=\"text-align: center;\">Departamento RGPD<\/p>\n<p style=\"text-align: center;\">8 Boulevard du Montparnasse<\/p>\n<p style=\"text-align: center;\">75015 Par\u00eds, Francia<\/p>\n<p style=\"text-align: justify;\">Los datos personales relativos a los miembros de la Sociedad accesibles en el Sitio no podr\u00e1n ser recogidos ni tratados sin el consentimiento previo por escrito del interesado. En particular, cada Usuario se abstendr\u00e1 de recoger y utilizar, manual o autom\u00e1ticamente, dichos datos personales para enviar mensajes publicitarios o de cualquier otra naturaleza que no est\u00e9n relacionados con las actividades de la Sociedad y sus miembros.<\/p>\n","protected":false},"excerpt":{"rendered":"<p>De conformidad con las disposiciones de la Ley n\u00ba 2004-575 de 21 de junio de 2004 sobre la confianza en la econom\u00eda digital, se informa a los usuarios del sitio web ekodev de la identidad de las distintas partes implicadas en su creaci\u00f3n y seguimiento. &nbsp; Editor del sitio SAS ekodev Capital social: 15.000 euros &hellip; <a href=\"https:\/\/ekodev.com\/es\/informacion-legal\/\">Continued<\/a><\/p>\n","protected":false},"author":2,"featured_media":0,"parent":0,"menu_order":0,"comment_status":"closed","ping_status":"closed","template":"template-freepage.blade.php","meta":{"_acf_changed":false,"footnotes":""},"class_list":["post-8682","page","type-page","status-publish","hentry"],"acf":[],"yoast_head":"<!-- This site is optimized with the Yoast SEO plugin v26.7 - https:\/\/yoast.com\/wordpress\/plugins\/seo\/ -->\n<title>Informaci\u00f3n legal - ekodev<\/title>\n<meta name=\"robots\" content=\"index, follow, max-snippet:-1, max-image-preview:large, max-video-preview:-1\" \/>\n<link rel=\"canonical\" href=\"https:\/\/ekodev.com\/es\/informacion-legal\/\" \/>\n<meta property=\"og:locale\" content=\"es_ES\" \/>\n<meta property=\"og:type\" content=\"article\" \/>\n<meta property=\"og:title\" content=\"Informaci\u00f3n legal - ekodev\" \/>\n<meta property=\"og:description\" content=\"De conformidad con las disposiciones de la Ley n\u00ba 2004-575 de 21 de junio de 2004 sobre la confianza en la econom\u00eda digital, se informa a los usuarios del sitio web ekodev de la identidad de las distintas partes implicadas en su creaci\u00f3n y seguimiento. &nbsp; Editor del sitio SAS ekodev Capital social: 15.000 euros &hellip; Continued\" \/>\n<meta property=\"og:url\" content=\"https:\/\/ekodev.com\/es\/informacion-legal\/\" \/>\n<meta property=\"og:site_name\" content=\"ekodev\" \/>\n<meta property=\"article:modified_time\" content=\"2024-06-28T13:09:45+00:00\" \/>\n<meta name=\"twitter:card\" content=\"summary_large_image\" \/>\n<meta name=\"twitter:label1\" content=\"Est. reading time\" \/>\n\t<meta name=\"twitter:data1\" content=\"3 minutes\" \/>\n<script type=\"application\/ld+json\" class=\"yoast-schema-graph\">{\"@context\":\"https:\/\/schema.org\",\"@graph\":[{\"@type\":\"WebPage\",\"@id\":\"https:\/\/ekodev.com\/es\/informacion-legal\/\",\"url\":\"https:\/\/ekodev.com\/es\/informacion-legal\/\",\"name\":\"Informaci\u00f3n legal - ekodev\",\"isPartOf\":{\"@id\":\"https:\/\/ekodev.com\/es\/#website\"},\"datePublished\":\"2022-12-17T10:39:45+00:00\",\"dateModified\":\"2024-06-28T13:09:45+00:00\",\"breadcrumb\":{\"@id\":\"https:\/\/ekodev.com\/es\/informacion-legal\/#breadcrumb\"},\"inLanguage\":\"es-ES\",\"potentialAction\":[{\"@type\":\"ReadAction\",\"target\":[\"https:\/\/ekodev.com\/es\/informacion-legal\/\"]}]},{\"@type\":\"BreadcrumbList\",\"@id\":\"https:\/\/ekodev.com\/es\/informacion-legal\/#breadcrumb\",\"itemListElement\":[{\"@type\":\"ListItem\",\"position\":1,\"name\":\"Accueil\",\"item\":\"https:\/\/ekodev.com\/es\/\"},{\"@type\":\"ListItem\",\"position\":2,\"name\":\"Informaci\u00f3n legal\"}]},{\"@type\":\"WebSite\",\"@id\":\"https:\/\/ekodev.com\/es\/#website\",\"url\":\"https:\/\/ekodev.com\/es\/\",\"name\":\"ekodev\",\"description\":\"ekodev website\",\"inLanguage\":\"es-ES\"}]}<\/script>\n<!-- \/ Yoast SEO plugin. -->","yoast_head_json":{"title":"Informaci\u00f3n legal - ekodev","robots":{"index":"index","follow":"follow","max-snippet":"max-snippet:-1","max-image-preview":"max-image-preview:large","max-video-preview":"max-video-preview:-1"},"canonical":"https:\/\/ekodev.com\/es\/informacion-legal\/","og_locale":"es_ES","og_type":"article","og_title":"Informaci\u00f3n legal - ekodev","og_description":"De conformidad con las disposiciones de la Ley n\u00ba 2004-575 de 21 de junio de 2004 sobre la confianza en la econom\u00eda digital, se informa a los usuarios del sitio web ekodev de la identidad de las distintas partes implicadas en su creaci\u00f3n y seguimiento. &nbsp; Editor del sitio SAS ekodev Capital social: 15.000 euros &hellip; Continued","og_url":"https:\/\/ekodev.com\/es\/informacion-legal\/","og_site_name":"ekodev","article_modified_time":"2024-06-28T13:09:45+00:00","twitter_card":"summary_large_image","twitter_misc":{"Est. reading time":"3 minutes"},"schema":{"@context":"https:\/\/schema.org","@graph":[{"@type":"WebPage","@id":"https:\/\/ekodev.com\/es\/informacion-legal\/","url":"https:\/\/ekodev.com\/es\/informacion-legal\/","name":"Informaci\u00f3n legal - ekodev","isPartOf":{"@id":"https:\/\/ekodev.com\/es\/#website"},"datePublished":"2022-12-17T10:39:45+00:00","dateModified":"2024-06-28T13:09:45+00:00","breadcrumb":{"@id":"https:\/\/ekodev.com\/es\/informacion-legal\/#breadcrumb"},"inLanguage":"es-ES","potentialAction":[{"@type":"ReadAction","target":["https:\/\/ekodev.com\/es\/informacion-legal\/"]}]},{"@type":"BreadcrumbList","@id":"https:\/\/ekodev.com\/es\/informacion-legal\/#breadcrumb","itemListElement":[{"@type":"ListItem","position":1,"name":"Accueil","item":"https:\/\/ekodev.com\/es\/"},{"@type":"ListItem","position":2,"name":"Informaci\u00f3n legal"}]},{"@type":"WebSite","@id":"https:\/\/ekodev.com\/es\/#website","url":"https:\/\/ekodev.com\/es\/","name":"ekodev","description":"ekodev website","inLanguage":"es-ES"}]}},"_links":{"self":[{"href":"https:\/\/ekodev.com\/es\/wp-json\/wp\/v2\/pages\/8682","targetHints":{"allow":["GET"]}}],"collection":[{"href":"https:\/\/ekodev.com\/es\/wp-json\/wp\/v2\/pages"}],"about":[{"href":"https:\/\/ekodev.com\/es\/wp-json\/wp\/v2\/types\/page"}],"author":[{"embeddable":true,"href":"https:\/\/ekodev.com\/es\/wp-json\/wp\/v2\/users\/2"}],"replies":[{"embeddable":true,"href":"https:\/\/ekodev.com\/es\/wp-json\/wp\/v2\/comments?post=8682"}],"version-history":[{"count":3,"href":"https:\/\/ekodev.com\/es\/wp-json\/wp\/v2\/pages\/8682\/revisions"}],"predecessor-version":[{"id":8685,"href":"https:\/\/ekodev.com\/es\/wp-json\/wp\/v2\/pages\/8682\/revisions\/8685"}],"wp:attachment":[{"href":"https:\/\/ekodev.com\/es\/wp-json\/wp\/v2\/media?parent=8682"}],"curies":[{"name":"wp","href":"https:\/\/api.w.org\/{rel}","templated":true}]}}