{"id":8678,"date":"2022-12-16T15:52:42","date_gmt":"2022-12-16T15:52:42","guid":{"rendered":"https:\/\/ekodev.com\/?page_id=8678"},"modified":"2024-06-28T13:07:47","modified_gmt":"2024-06-28T13:07:47","slug":"politica-de-cookies","status":"publish","type":"page","link":"https:\/\/ekodev.com\/es\/politica-de-cookies\/","title":{"rendered":"Pol\u00edtica de cookies"},"content":{"rendered":"<h3 style=\"text-align: justify;\"><strong>Definici\u00f3n y utilizaci\u00f3n<\/strong><\/h3>\n<p style=\"text-align: justify;\">Para que los usuarios de Internet puedan beneficiarse de los servicios ofrecidos por nuestro sitio (en adelante, el &#8220;Sitio&#8221;), este utiliza cookies.<\/p>\n<p style=\"text-align: justify;\">Puede desactivar las cookies a las que haya dado su consentimiento en cualquier momento, de forma gratuita, utilizando las opciones de desactivaci\u00f3n que tiene a su disposici\u00f3n haciendo clic en &#8220;Configuraci\u00f3n de cookies&#8221; en el pie de p\u00e1gina de cada p\u00e1gina.<\/p>\n<p style=\"text-align: justify;\">Cuando visita el Sitio, la informaci\u00f3n relativa a la navegaci\u00f3n de su terminal (ordenador, tableta, smartphone, etc.) en el Sitio puede quedar registrada en archivos de texto denominados &#8220;cookies&#8221; instalados en su navegador. Las cookies se utilizan para reconocer su navegador durante el periodo de validez de la cookie en cuesti\u00f3n y para enviar cierta informaci\u00f3n al Sitio (por ejemplo, un identificador de sesi\u00f3n o su elecci\u00f3n de idioma).<\/p>\n<p style=\"text-align: justify;\">Nuestro Sitio utiliza las cookies con diversos fines<\/p>\n<ul style=\"text-align: justify;\">\n<li>facilitar su navegaci\u00f3n ;<\/li>\n<li>elaborar estad\u00edsticas de visitas;<\/li>\n<\/ul>\n<p style=\"text-align: justify;\">Algunas cookies, que no est\u00e1n sujetas a su consentimiento, son esenciales para utilizar el Sitio. Se trata de cookies t\u00e9cnicas utilizadas por ekodev para :<\/p>\n<ul style=\"text-align: justify;\">\n<li>impedir la intervenci\u00f3n de software malintencionado;<\/li>\n<li>registrar sus elecciones relativas a las cookies.<\/li>\n<\/ul>\n<p style=\"text-align: justify;\">Otras cookies sujetas a su consentimiento se utilizan para mejorar el rendimiento del Sitio y permiten a ekodev analizar y medir el n\u00famero de visitantes del Sitio.<\/p>\n<p>&nbsp;<\/p>\n<h3 style=\"text-align: justify;\"><strong>Cookies utilizadas por nuestro Sitio<\/strong><\/h3>\n<p style=\"text-align: justify;\"><strong>Cookie : tarteaucitron<\/strong> Origen : Interno Tipo de cookie : Funcional Finalidad : Se utiliza para recabar el consentimiento del usuario. Periodo de conservaci\u00f3n: 1 a\u00f1o Consentimiento requerido: No Presencia: Esta cookie est\u00e1 sistem\u00e1ticamente presente en el sitio, ya que registra tanto el consentimiento como el rechazo del usuario.<\/p>\n<p style=\"text-align: justify;\"><strong>Cookie : _utmd<\/strong> Origen : Google Analytics Tipo de cookie : Marketing\/Tracking Finalidad : Se utiliza para diferenciar a los usuarios Periodo de retenci\u00f3n : 1s Consentimiento requerido : S\u00ed Presencia : Esta cookie se utiliza para rastrear la trayectoria del visitante en el sitio.<\/p>\n<p style=\"text-align: justify;\"><strong>Cookie :_ga<\/strong> Origen : Google Analytics Tipo de cookie : Estad\u00edsticas Finalidad : Se utiliza para diferenciar a los usuarios Periodo de retenci\u00f3n : 13 meses Consentimiento requerido : S\u00ed Presente : Esta cookie est\u00e1 presente sistem\u00e1ticamente siempre que se utiliza Google Analytics en el sitio.<\/p>\n<p style=\"text-align: justify;\"><strong>Cookie : _gid<\/strong> Origen : Google Analytics Tipo de cookie : Estad\u00edsticas Finalidad : Utilizada para diferenciar usuarios Periodo de retenci\u00f3n : 13 meses Consentimiento requerido : S\u00ed Presente : Esta cookie est\u00e1 sistem\u00e1ticamente presente siempre que se utiliza Google Analytics en el sitio.<\/p>\n<p style=\"text-align: justify;\"><strong>Cookie : _grecaptcha<\/strong> Origen : Google reCaptcha Tipo de cookie : Funcional Finalidad : protecci\u00f3n contra el spam Periodo de retenci\u00f3n : duraci\u00f3n de la sesi\u00f3n Consentimiento requerido : S\u00ed Presente : Esta cookie est\u00e1 presente cuando se utiliza Recaptcha en el sitio.<\/p>\n<p style=\"text-align: justify;\"><strong>Cookie : Yt-Player-Bandwidth<\/strong> Origen : YouTube Tipo de cookie : Funcional Finalidad : definir una estimaci\u00f3n del ancho de banda. Periodo de retenci\u00f3n: duraci\u00f3n de la sesi\u00f3n Consentimiento requerido: S\u00ed Presente: Esta cookie est\u00e1 presente cuando se utiliza Youtube en el sitio.<\/p>\n<p style=\"text-align: justify;\"><strong>Cookie: Yt-Player-Readable<\/strong> Origen: Youtube Tipo de cookie: Funcional Finalidad: guarda la configuraci\u00f3n del reproductor. Periodo de conservaci\u00f3n: 17 d\u00edas Consentimiento necesario: S\u00ed Presencia: Esta cookie est\u00e1 presente cuando se utiliza Youtube en el sitio.<\/p>\n<p style=\"text-align: justify;\"><strong>Cookie: GPS<\/strong> Origen: YouTube Tipo de cookie: Marketing \/ Seguimiento Finalidad: Guarda la localizaci\u00f3n GPS Periodo de retenci\u00f3n: duraci\u00f3n de la sesi\u00f3n Consentimiento requerido: S\u00ed Presencia: Esta cookie est\u00e1 presente cuando se utiliza Youtube en el sitio.<\/p>\n<p style=\"text-align: justify;\"><strong>Cookie : VISITOR_INFO1_LIVE<\/strong> Origen : YouTube Tipo de cookie : Funcional Finalidad : definir una estimaci\u00f3n del ancho de banda Periodo de retenci\u00f3n : 6 meses Consentimiento requerido : no Presencia : Esta cookie est\u00e1 presente cuando se utiliza Youtube en el sitio.<\/p>\n<p style=\"text-align: justify;\"><strong>Cookie: PREF <\/strong>Origen: YouTube Tipo de cookie: Marketing \/ Seguimiento Finalidad: guarda las preferencias del usuario Periodo de retenci\u00f3n: 8 meses Consentimiento requerido: no Presencia: Esta cookie est\u00e1 presente cuando se utiliza Youtube en el sitio.<\/p>\n","protected":false},"excerpt":{"rendered":"<p>Definici\u00f3n y utilizaci\u00f3n Para que los usuarios de Internet puedan beneficiarse de los servicios ofrecidos por nuestro sitio (en adelante, el &#8220;Sitio&#8221;), este utiliza cookies. Puede desactivar las cookies a las que haya dado su consentimiento en cualquier momento, de forma gratuita, utilizando las opciones de desactivaci\u00f3n que tiene a su disposici\u00f3n haciendo clic en &hellip; <a href=\"https:\/\/ekodev.com\/es\/politica-de-cookies\/\">Continued<\/a><\/p>\n","protected":false},"author":2,"featured_media":0,"parent":0,"menu_order":0,"comment_status":"closed","ping_status":"closed","template":"template-freepage.blade.php","meta":{"_acf_changed":false,"footnotes":""},"class_list":["post-8678","page","type-page","status-publish","hentry"],"acf":[],"yoast_head":"<!-- This site is optimized with the Yoast SEO plugin v26.7 - https:\/\/yoast.com\/wordpress\/plugins\/seo\/ -->\n<title>Pol\u00edtica de cookies - ekodev<\/title>\n<meta name=\"robots\" content=\"index, follow, max-snippet:-1, max-image-preview:large, max-video-preview:-1\" \/>\n<link rel=\"canonical\" href=\"https:\/\/ekodev.com\/es\/politica-de-cookies\/\" \/>\n<meta property=\"og:locale\" content=\"es_ES\" \/>\n<meta property=\"og:type\" content=\"article\" \/>\n<meta property=\"og:title\" content=\"Pol\u00edtica de cookies - ekodev\" \/>\n<meta property=\"og:description\" content=\"Definici\u00f3n y utilizaci\u00f3n Para que los usuarios de Internet puedan beneficiarse de los servicios ofrecidos por nuestro sitio (en adelante, el &#8220;Sitio&#8221;), este utiliza cookies. Puede desactivar las cookies a las que haya dado su consentimiento en cualquier momento, de forma gratuita, utilizando las opciones de desactivaci\u00f3n que tiene a su disposici\u00f3n haciendo clic en &hellip; Continued\" \/>\n<meta property=\"og:url\" content=\"https:\/\/ekodev.com\/es\/politica-de-cookies\/\" \/>\n<meta property=\"og:site_name\" content=\"ekodev\" \/>\n<meta property=\"article:modified_time\" content=\"2024-06-28T13:07:47+00:00\" \/>\n<meta name=\"twitter:card\" content=\"summary_large_image\" \/>\n<meta name=\"twitter:label1\" content=\"Est. reading time\" \/>\n\t<meta name=\"twitter:data1\" content=\"4 minutes\" \/>\n<script type=\"application\/ld+json\" class=\"yoast-schema-graph\">{\"@context\":\"https:\/\/schema.org\",\"@graph\":[{\"@type\":\"WebPage\",\"@id\":\"https:\/\/ekodev.com\/es\/politica-de-cookies\/\",\"url\":\"https:\/\/ekodev.com\/es\/politica-de-cookies\/\",\"name\":\"Pol\u00edtica de cookies - ekodev\",\"isPartOf\":{\"@id\":\"https:\/\/ekodev.com\/es\/#website\"},\"datePublished\":\"2022-12-16T15:52:42+00:00\",\"dateModified\":\"2024-06-28T13:07:47+00:00\",\"breadcrumb\":{\"@id\":\"https:\/\/ekodev.com\/es\/politica-de-cookies\/#breadcrumb\"},\"inLanguage\":\"es-ES\",\"potentialAction\":[{\"@type\":\"ReadAction\",\"target\":[\"https:\/\/ekodev.com\/es\/politica-de-cookies\/\"]}]},{\"@type\":\"BreadcrumbList\",\"@id\":\"https:\/\/ekodev.com\/es\/politica-de-cookies\/#breadcrumb\",\"itemListElement\":[{\"@type\":\"ListItem\",\"position\":1,\"name\":\"Accueil\",\"item\":\"https:\/\/ekodev.com\/es\/\"},{\"@type\":\"ListItem\",\"position\":2,\"name\":\"Pol\u00edtica de cookies\"}]},{\"@type\":\"WebSite\",\"@id\":\"https:\/\/ekodev.com\/es\/#website\",\"url\":\"https:\/\/ekodev.com\/es\/\",\"name\":\"ekodev\",\"description\":\"ekodev website\",\"inLanguage\":\"es-ES\"}]}<\/script>\n<!-- \/ Yoast SEO plugin. -->","yoast_head_json":{"title":"Pol\u00edtica de cookies - ekodev","robots":{"index":"index","follow":"follow","max-snippet":"max-snippet:-1","max-image-preview":"max-image-preview:large","max-video-preview":"max-video-preview:-1"},"canonical":"https:\/\/ekodev.com\/es\/politica-de-cookies\/","og_locale":"es_ES","og_type":"article","og_title":"Pol\u00edtica de cookies - ekodev","og_description":"Definici\u00f3n y utilizaci\u00f3n Para que los usuarios de Internet puedan beneficiarse de los servicios ofrecidos por nuestro sitio (en adelante, el &#8220;Sitio&#8221;), este utiliza cookies. Puede desactivar las cookies a las que haya dado su consentimiento en cualquier momento, de forma gratuita, utilizando las opciones de desactivaci\u00f3n que tiene a su disposici\u00f3n haciendo clic en &hellip; Continued","og_url":"https:\/\/ekodev.com\/es\/politica-de-cookies\/","og_site_name":"ekodev","article_modified_time":"2024-06-28T13:07:47+00:00","twitter_card":"summary_large_image","twitter_misc":{"Est. reading time":"4 minutes"},"schema":{"@context":"https:\/\/schema.org","@graph":[{"@type":"WebPage","@id":"https:\/\/ekodev.com\/es\/politica-de-cookies\/","url":"https:\/\/ekodev.com\/es\/politica-de-cookies\/","name":"Pol\u00edtica de cookies - ekodev","isPartOf":{"@id":"https:\/\/ekodev.com\/es\/#website"},"datePublished":"2022-12-16T15:52:42+00:00","dateModified":"2024-06-28T13:07:47+00:00","breadcrumb":{"@id":"https:\/\/ekodev.com\/es\/politica-de-cookies\/#breadcrumb"},"inLanguage":"es-ES","potentialAction":[{"@type":"ReadAction","target":["https:\/\/ekodev.com\/es\/politica-de-cookies\/"]}]},{"@type":"BreadcrumbList","@id":"https:\/\/ekodev.com\/es\/politica-de-cookies\/#breadcrumb","itemListElement":[{"@type":"ListItem","position":1,"name":"Accueil","item":"https:\/\/ekodev.com\/es\/"},{"@type":"ListItem","position":2,"name":"Pol\u00edtica de cookies"}]},{"@type":"WebSite","@id":"https:\/\/ekodev.com\/es\/#website","url":"https:\/\/ekodev.com\/es\/","name":"ekodev","description":"ekodev website","inLanguage":"es-ES"}]}},"_links":{"self":[{"href":"https:\/\/ekodev.com\/es\/wp-json\/wp\/v2\/pages\/8678","targetHints":{"allow":["GET"]}}],"collection":[{"href":"https:\/\/ekodev.com\/es\/wp-json\/wp\/v2\/pages"}],"about":[{"href":"https:\/\/ekodev.com\/es\/wp-json\/wp\/v2\/types\/page"}],"author":[{"embeddable":true,"href":"https:\/\/ekodev.com\/es\/wp-json\/wp\/v2\/users\/2"}],"replies":[{"embeddable":true,"href":"https:\/\/ekodev.com\/es\/wp-json\/wp\/v2\/comments?post=8678"}],"version-history":[{"count":3,"href":"https:\/\/ekodev.com\/es\/wp-json\/wp\/v2\/pages\/8678\/revisions"}],"predecessor-version":[{"id":8681,"href":"https:\/\/ekodev.com\/es\/wp-json\/wp\/v2\/pages\/8678\/revisions\/8681"}],"wp:attachment":[{"href":"https:\/\/ekodev.com\/es\/wp-json\/wp\/v2\/media?parent=8678"}],"curies":[{"name":"wp","href":"https:\/\/api.w.org\/{rel}","templated":true}]}}