{"id":8204,"date":"2022-12-24T10:54:35","date_gmt":"2022-12-24T10:54:35","guid":{"rendered":"https:\/\/ekodev.com\/?page_id=8204"},"modified":"2024-05-31T14:49:50","modified_gmt":"2024-05-31T14:49:50","slug":"movilidad-sostenible","status":"publish","type":"page","link":"https:\/\/ekodev.com\/es\/movilidad-sostenible\/","title":{"rendered":"Movilidad sostenible"},"content":{"rendered":"","protected":false},"excerpt":{"rendered":"","protected":false},"author":2,"featured_media":0,"parent":0,"menu_order":0,"comment_status":"closed","ping_status":"closed","template":"template-freesection.blade.php","meta":{"_acf_changed":false,"footnotes":""},"class_list":["post-8204","page","type-page","status-publish","hentry"],"acf":[],"yoast_head":"<!-- This site is optimized with the Yoast SEO plugin v26.7 - https:\/\/yoast.com\/wordpress\/plugins\/seo\/ -->\n<title>ekodev - Movilidad sostenible y planes de movilidad<\/title>\n<meta name=\"description\" content=\"Pol\u00edtica de movilidad sostenible y plan de movilidad para nuevos h\u00e1bitos de desplazamiento m\u00e1s activos y menos intensivos en carbono.\" \/>\n<meta name=\"robots\" content=\"index, follow, max-snippet:-1, max-image-preview:large, max-video-preview:-1\" \/>\n<link rel=\"canonical\" href=\"https:\/\/ekodev.com\/es\/movilidad-sostenible\/\" \/>\n<meta property=\"og:locale\" content=\"es_ES\" \/>\n<meta property=\"og:type\" content=\"article\" \/>\n<meta property=\"og:title\" content=\"ekodev - Movilidad sostenible y planes de movilidad\" \/>\n<meta property=\"og:description\" content=\"Pol\u00edtica de movilidad sostenible y plan de movilidad para nuevos h\u00e1bitos de desplazamiento m\u00e1s activos y menos intensivos en carbono.\" \/>\n<meta property=\"og:url\" content=\"https:\/\/ekodev.com\/es\/movilidad-sostenible\/\" \/>\n<meta property=\"og:site_name\" content=\"ekodev\" \/>\n<meta property=\"article:modified_time\" content=\"2024-05-31T14:49:50+00:00\" \/>\n<meta name=\"twitter:card\" content=\"summary_large_image\" \/>\n<meta name=\"twitter:label1\" content=\"Est. reading time\" \/>\n\t<meta name=\"twitter:data1\" content=\"6 minutes\" \/>\n<script type=\"application\/ld+json\" class=\"yoast-schema-graph\">{\"@context\":\"https:\/\/schema.org\",\"@graph\":[{\"@type\":\"WebPage\",\"@id\":\"https:\/\/ekodev.com\/es\/movilidad-sostenible\/\",\"url\":\"https:\/\/ekodev.com\/es\/movilidad-sostenible\/\",\"name\":\"ekodev - Movilidad sostenible y planes de movilidad\",\"isPartOf\":{\"@id\":\"https:\/\/ekodev.com\/es\/#website\"},\"datePublished\":\"2022-12-24T10:54:35+00:00\",\"dateModified\":\"2024-05-31T14:49:50+00:00\",\"description\":\"Pol\u00edtica de movilidad sostenible y plan de movilidad para nuevos h\u00e1bitos de desplazamiento m\u00e1s activos y menos intensivos en carbono.\",\"breadcrumb\":{\"@id\":\"https:\/\/ekodev.com\/es\/movilidad-sostenible\/#breadcrumb\"},\"inLanguage\":\"es-ES\",\"potentialAction\":[{\"@type\":\"ReadAction\",\"target\":[\"https:\/\/ekodev.com\/es\/movilidad-sostenible\/\"]}]},{\"@type\":\"BreadcrumbList\",\"@id\":\"https:\/\/ekodev.com\/es\/movilidad-sostenible\/#breadcrumb\",\"itemListElement\":[{\"@type\":\"ListItem\",\"position\":1,\"name\":\"Accueil\",\"item\":\"https:\/\/ekodev.com\/es\/\"},{\"@type\":\"ListItem\",\"position\":2,\"name\":\"Movilidad sostenible\"}]},{\"@type\":\"WebSite\",\"@id\":\"https:\/\/ekodev.com\/es\/#website\",\"url\":\"https:\/\/ekodev.com\/es\/\",\"name\":\"ekodev\",\"description\":\"ekodev website\",\"inLanguage\":\"es-ES\"}]}<\/script>\n<!-- \/ Yoast SEO plugin. -->","yoast_head_json":{"title":"ekodev - Movilidad sostenible y planes de movilidad","description":"Pol\u00edtica de movilidad sostenible y plan de movilidad para nuevos h\u00e1bitos de desplazamiento m\u00e1s activos y menos intensivos en carbono.","robots":{"index":"index","follow":"follow","max-snippet":"max-snippet:-1","max-image-preview":"max-image-preview:large","max-video-preview":"max-video-preview:-1"},"canonical":"https:\/\/ekodev.com\/es\/movilidad-sostenible\/","og_locale":"es_ES","og_type":"article","og_title":"ekodev - Movilidad sostenible y planes de movilidad","og_description":"Pol\u00edtica de movilidad sostenible y plan de movilidad para nuevos h\u00e1bitos de desplazamiento m\u00e1s activos y menos intensivos en carbono.","og_url":"https:\/\/ekodev.com\/es\/movilidad-sostenible\/","og_site_name":"ekodev","article_modified_time":"2024-05-31T14:49:50+00:00","twitter_card":"summary_large_image","twitter_misc":{"Est. reading time":"6 minutes"},"schema":{"@context":"https:\/\/schema.org","@graph":[{"@type":"WebPage","@id":"https:\/\/ekodev.com\/es\/movilidad-sostenible\/","url":"https:\/\/ekodev.com\/es\/movilidad-sostenible\/","name":"ekodev - Movilidad sostenible y planes de movilidad","isPartOf":{"@id":"https:\/\/ekodev.com\/es\/#website"},"datePublished":"2022-12-24T10:54:35+00:00","dateModified":"2024-05-31T14:49:50+00:00","description":"Pol\u00edtica de movilidad sostenible y plan de movilidad para nuevos h\u00e1bitos de desplazamiento m\u00e1s activos y menos intensivos en carbono.","breadcrumb":{"@id":"https:\/\/ekodev.com\/es\/movilidad-sostenible\/#breadcrumb"},"inLanguage":"es-ES","potentialAction":[{"@type":"ReadAction","target":["https:\/\/ekodev.com\/es\/movilidad-sostenible\/"]}]},{"@type":"BreadcrumbList","@id":"https:\/\/ekodev.com\/es\/movilidad-sostenible\/#breadcrumb","itemListElement":[{"@type":"ListItem","position":1,"name":"Accueil","item":"https:\/\/ekodev.com\/es\/"},{"@type":"ListItem","position":2,"name":"Movilidad sostenible"}]},{"@type":"WebSite","@id":"https:\/\/ekodev.com\/es\/#website","url":"https:\/\/ekodev.com\/es\/","name":"ekodev","description":"ekodev website","inLanguage":"es-ES"}]}},"_links":{"self":[{"href":"https:\/\/ekodev.com\/es\/wp-json\/wp\/v2\/pages\/8204","targetHints":{"allow":["GET"]}}],"collection":[{"href":"https:\/\/ekodev.com\/es\/wp-json\/wp\/v2\/pages"}],"about":[{"href":"https:\/\/ekodev.com\/es\/wp-json\/wp\/v2\/types\/page"}],"author":[{"embeddable":true,"href":"https:\/\/ekodev.com\/es\/wp-json\/wp\/v2\/users\/2"}],"replies":[{"embeddable":true,"href":"https:\/\/ekodev.com\/es\/wp-json\/wp\/v2\/comments?post=8204"}],"version-history":[{"count":3,"href":"https:\/\/ekodev.com\/es\/wp-json\/wp\/v2\/pages\/8204\/revisions"}],"predecessor-version":[{"id":8359,"href":"https:\/\/ekodev.com\/es\/wp-json\/wp\/v2\/pages\/8204\/revisions\/8359"}],"wp:attachment":[{"href":"https:\/\/ekodev.com\/es\/wp-json\/wp\/v2\/media?parent=8204"}],"curies":[{"name":"wp","href":"https:\/\/api.w.org\/{rel}","templated":true}]}}