{"id":8587,"date":"2022-12-17T10:39:45","date_gmt":"2022-12-17T10:39:45","guid":{"rendered":"https:\/\/ekodev.com\/?page_id=8587"},"modified":"2024-06-28T12:58:45","modified_gmt":"2024-06-28T12:58:45","slug":"rechtliche-hinweise","status":"publish","type":"page","link":"https:\/\/ekodev.com\/de\/rechtliche-hinweise\/","title":{"rendered":"Rechtliche Hinweise"},"content":{"rendered":"<p style=\"text-align: justify;\">Gem\u00e4\u00df den Bestimmungen des Gesetzes Nr. 2004-575 vom 21. Juni 2004 \u00fcber das Vertrauen in die digitale Wirtschaft wird den Nutzern der ekodev-Website die Identit\u00e4t der verschiedenen Akteure im Rahmen der Erstellung und Betreuung der Website mitgeteilt.<\/p>\n<p>&nbsp;<\/p>\n<h3 style=\"text-align: justify;\"><strong>Herausgeber der Website<\/strong><\/h3>\n<p style=\"text-align: justify;\">SAS ekodev<\/p>\n<p style=\"text-align: justify;\">Gesellschaftskapital: 15.000 \u20ac.<\/p>\n<p style=\"text-align: justify;\">Handelsregister: Paris B 518 412 432<\/p>\n<p style=\"text-align: justify;\">Eingetragener Sitz: 8 Boulevard du Montparnasse<\/p>\n<p style=\"text-align: justify;\">Telefon: 01 84 16 45 30<\/p>\n<p style=\"text-align: justify;\">Website: <a href=\"https:\/\/ekodev.com\/\">https:\/\/ekodev.com\/<\/a><\/p>\n<p>&nbsp;<\/p>\n<h3 style=\"text-align: justify;\"><strong>Unterbringung<\/strong><\/h3>\n<p style=\"text-align: justify;\">OVH<\/p>\n<p style=\"text-align: justify;\">SAS mit einem Kapital von 10 069 020 \u20ac.<\/p>\n<p style=\"text-align: justify;\">RCS Lille M\u00e9tropole 424 761 419 00045<\/p>\n<p style=\"text-align: justify;\">APE-Code 2620Z<\/p>\n<p style=\"text-align: justify;\">TVA-NUMMER: FR 22 424 761 419<\/p>\n<p style=\"text-align: justify;\">Eingetragener Sitz: 2 rue Kellermann 59100 Roubaix.<\/p>\n<p>&nbsp;<\/p>\n<h3 style=\"text-align: justify;\"><strong>Leitung der Ver\u00f6ffentlichung<\/strong><\/h3>\n<p style=\"text-align: justify;\">Thomas Chauveau<\/p>\n<p style=\"text-align: justify;\">Leiterin Kommunikation<\/p>\n<p style=\"text-align: justify;\">tchauveau@ekodev.com<\/p>\n<p style=\"text-align: justify;\">01 84 16 45 30<\/p>\n<p>&nbsp;<\/p>\n<h3 style=\"text-align: justify;\"><strong>Geistiges Eigentum<\/strong><\/h3>\n<p style=\"text-align: justify;\">Die gesamte Website unterliegt der franz\u00f6sischen und internationalen Gesetzgebung \u00fcber das Urheberrecht und das geistige Eigentum. Alle Vervielf\u00e4ltigungsrechte sind vorbehalten, auch f\u00fcr die herunterladbaren Dokumente und die ikonografischen Darstellungen. Der Inhalt der Website ist, sofern nicht anders angegeben, Eigentum von ekodev. Folglich darf jede Nutzung der Inhalte der Website nur mit schriftlicher Genehmigung von ekodev erfolgen, \u00fcber die diese allein entscheidet. Jede Vervielf\u00e4ltigung oder Darstellung, auch teilweise, durch welches Verfahren auch immer, die ohne die schriftliche Zustimmung von ekodev erfolgt, ist verboten und rechtswidrig. Die Nichtbeachtung dieses Verbots stellt eine F\u00e4lschung dar, f\u00fcr die der F\u00e4lscher zivil- und strafrechtlich haftbar gemacht werden kann.<\/p>\n<p>&nbsp;<\/p>\n<h3 style=\"text-align: justify;\"><strong>Schutz von personenbezogenen Daten<\/strong><\/h3>\n<p style=\"text-align: justify;\">Die E-Mail-Adresse und alle anderen personenbezogenen Daten, die der Nutzer freiwillig angibt, um sich auf der Website zu identifizieren, in seiner E-Mail an das Unternehmen, die IP-Adresse (Internet Protocol) seiner Internetverbindung und die Eigenschaften seiner Browser-Software sind die einzigen personenbezogenen Daten, die \u00fcber die Website gesammelt und vom Unternehmen verarbeitet werden k\u00f6nnen (im Folgenden &#8220;personenbezogene Daten&#8221;).<\/p>\n<p style=\"text-align: justify;\">Der Verantwortliche f\u00fcr die Verarbeitung der personenbezogenen Daten ist das Unternehmen auf eigene Rechnung.<\/p>\n<p style=\"text-align: justify;\">Diese Daten werden ausschlie\u00dflich f\u00fcr folgende Zwecke gespeichert und verwendet: Beantwortung von E-Mails an die Gesellschaft und ihre Mitglieder, Gew\u00e4hrleistung der Computersicherheit der Website und\/oder der Server, auf denen sie gehostet wird, Erstellung von Statistiken \u00fcber den Besuch der Website, Versand eines Newsletters per E-Mail an die Nutzer, \u00dcbermittlung von Gesch\u00e4ftsinformationen, Sicherstellung, dass von der Website heruntergeladene Dokumente empfangen wurden, und \u00dcbermittlung von Informationen an die Kunden unserer Gesellschaft. Die oben genannten Daten werden so lange aufbewahrt, wie es f\u00fcr die Zwecke, f\u00fcr die sie erhoben und verarbeitet werden, erforderlich ist.<\/p>\n<p style=\"text-align: justify;\">Wir verwenden Sendinblue als Marketingplattform. Durch das Absenden von Formularen auf der Website erkl\u00e4ren Sie sich damit einverstanden, dass die von Ihnen angegebenen Informationen an Sendinblue als Datenverarbeiter weitergeleitet werden, und zwar in \u00dcbereinstimmung mit den Allgemeinen Nutzungsbedingungen von Sendinblue.<\/p>\n<p style=\"text-align: justify;\">Jeder Nutzer hat das Recht, auf die ihn betreffenden personenbezogenen Daten zuzugreifen, sie zu \u00e4ndern, zu berichtigen und zu l\u00f6schen. Jeder Nutzer, der seine Identit\u00e4t nachweist, kann jederzeit verlangen, dass die ihn betreffenden personenbezogenen Daten ge\u00e4ndert oder von der Website und\/oder aus unseren Datenbanken gel\u00f6scht werden, indem er sich per E-Mail an rgpd@ekodev.com oder per Post an :<\/p>\n<p style=\"text-align: center;\">ekodev<\/p>\n<p style=\"text-align: center;\">DSGVO-Abteilung<\/p>\n<p style=\"text-align: center;\">8 Boulevard du Montparnasse<\/p>\n<p style=\"text-align: center;\">75015 Paris<\/p>\n<p>&nbsp;<\/p>\n<p style=\"text-align: justify;\">Personenbezogene Daten \u00fcber Mitglieder der Gesellschaft, die auf der Website zug\u00e4nglich gemacht werden, d\u00fcrfen ohne die vorherige schriftliche Zustimmung der betroffenen Person nicht gesammelt und verarbeitet werden. Insbesondere ist es jedem Nutzer untersagt, diese personenbezogenen Daten manuell oder automatisiert zu sammeln und zu verwenden, um Werbebotschaften oder andere Nachrichten zu versenden, die nicht mit den Aktivit\u00e4ten der Gesellschaft und ihrer Mitglieder in Verbindung stehen.<\/p>\n","protected":false},"excerpt":{"rendered":"<p>Gem\u00e4\u00df den Bestimmungen des Gesetzes Nr. 2004-575 vom 21. Juni 2004 \u00fcber das Vertrauen in die digitale Wirtschaft wird den Nutzern der ekodev-Website die Identit\u00e4t der verschiedenen Akteure im Rahmen der Erstellung und Betreuung der Website mitgeteilt. &nbsp; Herausgeber der Website SAS ekodev Gesellschaftskapital: 15.000 \u20ac. Handelsregister: Paris B 518 412 432 Eingetragener Sitz: 8 &hellip; <a href=\"https:\/\/ekodev.com\/de\/rechtliche-hinweise\/\">Continued<\/a><\/p>\n","protected":false},"author":2,"featured_media":0,"parent":0,"menu_order":0,"comment_status":"closed","ping_status":"closed","template":"template-freepage.blade.php","meta":{"_acf_changed":false,"footnotes":""},"class_list":["post-8587","page","type-page","status-publish","hentry"],"acf":[],"yoast_head":"<!-- This site is optimized with the Yoast SEO plugin v26.7 - https:\/\/yoast.com\/wordpress\/plugins\/seo\/ -->\n<title>Rechtliche Hinweise - ekodev<\/title>\n<meta name=\"robots\" content=\"index, follow, max-snippet:-1, max-image-preview:large, max-video-preview:-1\" \/>\n<link rel=\"canonical\" href=\"https:\/\/ekodev.com\/de\/rechtliche-hinweise\/\" \/>\n<meta property=\"og:locale\" content=\"de_DE\" \/>\n<meta property=\"og:type\" content=\"article\" \/>\n<meta property=\"og:title\" content=\"Rechtliche Hinweise - ekodev\" \/>\n<meta property=\"og:description\" content=\"Gem\u00e4\u00df den Bestimmungen des Gesetzes Nr. 2004-575 vom 21. Juni 2004 \u00fcber das Vertrauen in die digitale Wirtschaft wird den Nutzern der ekodev-Website die Identit\u00e4t der verschiedenen Akteure im Rahmen der Erstellung und Betreuung der Website mitgeteilt. &nbsp; Herausgeber der Website SAS ekodev Gesellschaftskapital: 15.000 \u20ac. Handelsregister: Paris B 518 412 432 Eingetragener Sitz: 8 &hellip; Continued\" \/>\n<meta property=\"og:url\" content=\"https:\/\/ekodev.com\/de\/rechtliche-hinweise\/\" \/>\n<meta property=\"og:site_name\" content=\"ekodev\" \/>\n<meta property=\"article:modified_time\" content=\"2024-06-28T12:58:45+00:00\" \/>\n<meta name=\"twitter:card\" content=\"summary_large_image\" \/>\n<meta name=\"twitter:label1\" content=\"Est. reading time\" \/>\n\t<meta name=\"twitter:data1\" content=\"3 minutes\" \/>\n<script type=\"application\/ld+json\" class=\"yoast-schema-graph\">{\"@context\":\"https:\/\/schema.org\",\"@graph\":[{\"@type\":\"WebPage\",\"@id\":\"https:\/\/ekodev.com\/de\/rechtliche-hinweise\/\",\"url\":\"https:\/\/ekodev.com\/de\/rechtliche-hinweise\/\",\"name\":\"Rechtliche Hinweise - ekodev\",\"isPartOf\":{\"@id\":\"https:\/\/ekodev.com\/de\/#website\"},\"datePublished\":\"2022-12-17T10:39:45+00:00\",\"dateModified\":\"2024-06-28T12:58:45+00:00\",\"breadcrumb\":{\"@id\":\"https:\/\/ekodev.com\/de\/rechtliche-hinweise\/#breadcrumb\"},\"inLanguage\":\"de-DE\",\"potentialAction\":[{\"@type\":\"ReadAction\",\"target\":[\"https:\/\/ekodev.com\/de\/rechtliche-hinweise\/\"]}]},{\"@type\":\"BreadcrumbList\",\"@id\":\"https:\/\/ekodev.com\/de\/rechtliche-hinweise\/#breadcrumb\",\"itemListElement\":[{\"@type\":\"ListItem\",\"position\":1,\"name\":\"Accueil\",\"item\":\"https:\/\/ekodev.com\/de\/\"},{\"@type\":\"ListItem\",\"position\":2,\"name\":\"Rechtliche Hinweise\"}]},{\"@type\":\"WebSite\",\"@id\":\"https:\/\/ekodev.com\/de\/#website\",\"url\":\"https:\/\/ekodev.com\/de\/\",\"name\":\"ekodev\",\"description\":\"ekodev website\",\"inLanguage\":\"de-DE\"}]}<\/script>\n<!-- \/ Yoast SEO plugin. -->","yoast_head_json":{"title":"Rechtliche Hinweise - ekodev","robots":{"index":"index","follow":"follow","max-snippet":"max-snippet:-1","max-image-preview":"max-image-preview:large","max-video-preview":"max-video-preview:-1"},"canonical":"https:\/\/ekodev.com\/de\/rechtliche-hinweise\/","og_locale":"de_DE","og_type":"article","og_title":"Rechtliche Hinweise - ekodev","og_description":"Gem\u00e4\u00df den Bestimmungen des Gesetzes Nr. 2004-575 vom 21. Juni 2004 \u00fcber das Vertrauen in die digitale Wirtschaft wird den Nutzern der ekodev-Website die Identit\u00e4t der verschiedenen Akteure im Rahmen der Erstellung und Betreuung der Website mitgeteilt. &nbsp; Herausgeber der Website SAS ekodev Gesellschaftskapital: 15.000 \u20ac. Handelsregister: Paris B 518 412 432 Eingetragener Sitz: 8 &hellip; Continued","og_url":"https:\/\/ekodev.com\/de\/rechtliche-hinweise\/","og_site_name":"ekodev","article_modified_time":"2024-06-28T12:58:45+00:00","twitter_card":"summary_large_image","twitter_misc":{"Est. reading time":"3 minutes"},"schema":{"@context":"https:\/\/schema.org","@graph":[{"@type":"WebPage","@id":"https:\/\/ekodev.com\/de\/rechtliche-hinweise\/","url":"https:\/\/ekodev.com\/de\/rechtliche-hinweise\/","name":"Rechtliche Hinweise - ekodev","isPartOf":{"@id":"https:\/\/ekodev.com\/de\/#website"},"datePublished":"2022-12-17T10:39:45+00:00","dateModified":"2024-06-28T12:58:45+00:00","breadcrumb":{"@id":"https:\/\/ekodev.com\/de\/rechtliche-hinweise\/#breadcrumb"},"inLanguage":"de-DE","potentialAction":[{"@type":"ReadAction","target":["https:\/\/ekodev.com\/de\/rechtliche-hinweise\/"]}]},{"@type":"BreadcrumbList","@id":"https:\/\/ekodev.com\/de\/rechtliche-hinweise\/#breadcrumb","itemListElement":[{"@type":"ListItem","position":1,"name":"Accueil","item":"https:\/\/ekodev.com\/de\/"},{"@type":"ListItem","position":2,"name":"Rechtliche Hinweise"}]},{"@type":"WebSite","@id":"https:\/\/ekodev.com\/de\/#website","url":"https:\/\/ekodev.com\/de\/","name":"ekodev","description":"ekodev website","inLanguage":"de-DE"}]}},"_links":{"self":[{"href":"https:\/\/ekodev.com\/de\/wp-json\/wp\/v2\/pages\/8587","targetHints":{"allow":["GET"]}}],"collection":[{"href":"https:\/\/ekodev.com\/de\/wp-json\/wp\/v2\/pages"}],"about":[{"href":"https:\/\/ekodev.com\/de\/wp-json\/wp\/v2\/types\/page"}],"author":[{"embeddable":true,"href":"https:\/\/ekodev.com\/de\/wp-json\/wp\/v2\/users\/2"}],"replies":[{"embeddable":true,"href":"https:\/\/ekodev.com\/de\/wp-json\/wp\/v2\/comments?post=8587"}],"version-history":[{"count":2,"href":"https:\/\/ekodev.com\/de\/wp-json\/wp\/v2\/pages\/8587\/revisions"}],"predecessor-version":[{"id":8663,"href":"https:\/\/ekodev.com\/de\/wp-json\/wp\/v2\/pages\/8587\/revisions\/8663"}],"wp:attachment":[{"href":"https:\/\/ekodev.com\/de\/wp-json\/wp\/v2\/media?parent=8587"}],"curies":[{"name":"wp","href":"https:\/\/api.w.org\/{rel}","templated":true}]}}