{"id":8586,"date":"2022-12-16T15:52:42","date_gmt":"2022-12-16T15:52:42","guid":{"rendered":"https:\/\/ekodev.com\/?page_id=8586"},"modified":"2025-05-05T12:35:01","modified_gmt":"2025-05-05T12:35:01","slug":"cookie-richtlinie","status":"publish","type":"page","link":"https:\/\/ekodev.com\/de\/cookie-richtlinie\/","title":{"rendered":"Cookie-Richtlinie"},"content":{"rendered":"<h3 style=\"text-align: justify;\"><strong>Definition &amp; Nutzung<\/strong><\/h3>\n<p style=\"text-align: justify;\">Um den Internetnutzer:innen die Nutzung der auf unserer Webseite (im Folgenden &#8220;Webseite&#8221;) angebotenen Dienste zu erm\u00f6glichen, verwendet diese Cookies.<\/p>\n<p style=\"text-align: justify;\">Sie k\u00f6nnen die Cookies, denen Sie zugestimmt haben, jederzeit kostenlos deaktivieren, indem Sie auf Cookie-Einstellungen in der Fu\u00dfzeile jeder Seite klicken.<\/p>\n<p style=\"text-align: justify;\">Wenn Sie die Webseite besuchen, k\u00f6nnen Informationen \u00fcber die Navigation Ihres Endger\u00e4ts (Computer, Tablet, Smartphone usw.) auf der Webseite in Textdateien, den so genannten &#8220;Cookies&#8221;, gespeichert werden, die in Ihrem Browser installiert werden. Cookies werden verwendet, um Ihren Browser w\u00e4hrend der G\u00fcltigkeitsdauer des jeweiligen Cookies zu erkennen und bestimmte Informationen (z. B. eine Sitzungskennung oder die Wahl einer Sprache) an die Webseite zur\u00fcckzugeben.<\/p>\n<p style=\"text-align: justify;\">Cookies werden von unserer Webseite zu verschiedenen Zwecken verwendet:<\/p>\n<ul style=\"text-align: justify;\">\n<li>Erleichterung Ihrer Navigation;<\/li>\n<li>Statistiken \u00fcber Ihre Besuche erstellen;<\/li>\n<\/ul>\n<p style=\"text-align: justify;\">Einige Cookies sind f\u00fcr die Nutzung der Webseite unerl\u00e4sslich und bed\u00fcrfen nicht Ihrer Zustimmung. Hierbei handelt es sich um technische Cookies, die von ekodev verwendet werden, um:<\/p>\n<ul style=\"text-align: justify;\">\n<li>das Eindringen von Schadsoftware zu verhindern;<\/li>\n<li>Ihre Wahl bez\u00fcglich der Cookies zu speichern.<\/li>\n<\/ul>\n<p style=\"text-align: justify;\">Andere Cookies, die Ihrer Zustimmung bed\u00fcrfen, werden verwendet, um die Leistung der Webseite zu verbessern, und erm\u00f6glichen es ekodev, die Nutzung der Webseite zu analysieren und zu messen.<\/p>\n<p>&nbsp;<\/p>\n<h3 style=\"text-align: justify;\"><strong>Von unserer Webseite verwendete Cookies<\/strong><\/h3>\n<p style=\"text-align: justify;\"><strong>Cookie<\/strong>: <strong>tarteaucitron<\/strong> Herkunft: Intern Cookie-Typ: Funktional Zweck: Wird verwendet, um die Einwilligungen der Nutzer:innen zu sammeln. Speicherdauer: 1 Jahr Erforderliche Zustimmung: Nein Vorkommen: Dieses Cookie ist systematisch auf der Webseite vorhanden, da es sowohl die Zustimmungen als auch die Ablehnungen des Nutzers aufzeichnet.<\/p>\n<p style=\"text-align: justify;\"><strong>Cookie<\/strong>: _<strong>utmd <\/strong>Herkunft: Google Analytics Art des Cookies: Marketing\/Tracking Zweck: Wird verwendet, um zwischen Nutzer:innen zu unterscheiden Speicherdauer: 1s Zustimmung erforderlich: Ja Vorkommen: Dieses Cookie dient dazu, den Weg von Besucher:innen auf der Webseite nachzuverfolgen.<\/p>\n<p style=\"text-align: justify;\"><strong>Cookie:_ga<\/strong> Herkunft: Google Analytics Art des Cookies: Statistik Zweck: Wird zur Unterscheidung von Nutzer:innen verwendet Aufbewahrungsdauer: 13 Monate Zustimmung erforderlich: Ja Vorkommen: Dieses Cookie ist immer vorhanden, wenn Google Analytics auf der Webseite verwendet wird.<\/p>\n<p style=\"text-align: justify;\"><strong>Cookie: _gid<\/strong> Herkunft: Google Analytics Cookie-Typ: Statistisch Zweck: Zur Unterscheidung von Nutzer:innen Aufbewahrungszeit: 13 Monate Zustimmung erforderlich: Ja Vorhandensein: Dieses Cookie wird bei der Verwendung von Google Analytics auf der Webseite immer gesetzt.<\/p>\n<p style=\"text-align: justify;\"><strong>Cookie: _grecaptcha<\/strong> Herkunft: Google reCaptcha Cookie-Typ: Funktional Zweck: Schutz vor Spam Speicherdauer: Dauer der Sitzung Zustimmung erforderlich: Ja Vorhandensein: Dieses Cookie ist vorhanden, wenn Recaptcha auf der Webseite verwendet wird.<\/p>\n<p style=\"text-align: justify;\"><strong>Cookie: Yt-Player-Bandbreite<\/strong> Herkunft: YouTube Cookie-Typ: Funktional Zweck: Erm\u00f6glicht die Festlegung einer Bandbreitensch\u00e4tzung. Speicherdauer: Dauer der Sitzung Erforderliche Zustimmung: Ja Vorkommen: Dieses Cookie ist vorhanden, wenn Youtube auf der Webseite verwendet wird.<\/p>\n<p style=\"text-align: justify;\"><strong>Cookie: Yt-Player-Readable<\/strong> Herkunft: YouTube Cookie-Typ: Funktional Zweck: Speichert die Konfiguration des Players. Speicherdauer: 17 Tage Zustimmung erforderlich: Ja Vorkommen: Dieses Cookie ist vorhanden, wenn Youtube auf der Webseite verwendet wird.<\/p>\n<p style=\"text-align: justify;\"><strong>Cookie: GPS<\/strong> Herkunft: YouTube Cookie-Typ: Marketing\/Tracking Zweck: Speichert den GPS-Standort Speicherdauer: Dauer der Sitzung Zustimmung erforderlich: Ja Vorhandensein: Dieses Cookie ist vorhanden, wenn Youtube auf der Webseite verwendet wird.<\/p>\n<p style=\"text-align: justify;\"><strong>Cookie: VISITOR_INFO1_LIVE<\/strong> Herkunft: YouTube Cookie-Typ: Funktional Zweck: Erm\u00f6glicht die Festlegung einer Bandbreitensch\u00e4tzung Speicherdauer: 6 Monate Zustimmung erforderlich: Nein Vorhandensein: Dieses Cookie ist vorhanden, wenn Youtube auf der Webseite verwendet wird.<\/p>\n<p style=\"text-align: justify;\"><strong>Cookie: PREF<\/strong> Herkunft: YouTube Cookie-Typ: Marketing\/Tracking Zweck: speichert Benutzereinstellungen Speicherdauer: 8 Monate Zustimmung erforderlich: nein Vorhandensein: Dieses Cookie ist vorhanden, wenn Youtube auf der Webseite verwendet wird.<\/p>\n","protected":false},"excerpt":{"rendered":"<p>Definition &amp; Nutzung Um den Internetnutzer:innen die Nutzung der auf unserer Webseite (im Folgenden &#8220;Webseite&#8221;) angebotenen Dienste zu erm\u00f6glichen, verwendet diese Cookies. Sie k\u00f6nnen die Cookies, denen Sie zugestimmt haben, jederzeit kostenlos deaktivieren, indem Sie auf Cookie-Einstellungen in der Fu\u00dfzeile jeder Seite klicken. Wenn Sie die Webseite besuchen, k\u00f6nnen Informationen \u00fcber die Navigation Ihres Endger\u00e4ts &hellip; <a href=\"https:\/\/ekodev.com\/de\/cookie-richtlinie\/\">Continued<\/a><\/p>\n","protected":false},"author":2,"featured_media":0,"parent":0,"menu_order":0,"comment_status":"closed","ping_status":"closed","template":"template-freepage.blade.php","meta":{"_acf_changed":false,"footnotes":""},"class_list":["post-8586","page","type-page","status-publish","hentry"],"acf":[],"yoast_head":"<!-- This site is optimized with the Yoast SEO plugin v26.7 - https:\/\/yoast.com\/wordpress\/plugins\/seo\/ -->\n<title>Cookie-Richtlinie - ekodev<\/title>\n<meta name=\"robots\" content=\"index, follow, max-snippet:-1, max-image-preview:large, max-video-preview:-1\" \/>\n<link rel=\"canonical\" href=\"https:\/\/ekodev.com\/de\/cookie-richtlinie\/\" \/>\n<meta property=\"og:locale\" content=\"de_DE\" \/>\n<meta property=\"og:type\" content=\"article\" \/>\n<meta property=\"og:title\" content=\"Cookie-Richtlinie - ekodev\" \/>\n<meta property=\"og:description\" content=\"Definition &amp; Nutzung Um den Internetnutzer:innen die Nutzung der auf unserer Webseite (im Folgenden &#8220;Webseite&#8221;) angebotenen Dienste zu erm\u00f6glichen, verwendet diese Cookies. Sie k\u00f6nnen die Cookies, denen Sie zugestimmt haben, jederzeit kostenlos deaktivieren, indem Sie auf Cookie-Einstellungen in der Fu\u00dfzeile jeder Seite klicken. Wenn Sie die Webseite besuchen, k\u00f6nnen Informationen \u00fcber die Navigation Ihres Endger\u00e4ts &hellip; Continued\" \/>\n<meta property=\"og:url\" content=\"https:\/\/ekodev.com\/de\/cookie-richtlinie\/\" \/>\n<meta property=\"og:site_name\" content=\"ekodev\" \/>\n<meta property=\"article:modified_time\" content=\"2025-05-05T12:35:01+00:00\" \/>\n<meta name=\"twitter:card\" content=\"summary_large_image\" \/>\n<meta name=\"twitter:label1\" content=\"Est. reading time\" \/>\n\t<meta name=\"twitter:data1\" content=\"3 minutes\" \/>\n<script type=\"application\/ld+json\" class=\"yoast-schema-graph\">{\"@context\":\"https:\/\/schema.org\",\"@graph\":[{\"@type\":\"WebPage\",\"@id\":\"https:\/\/ekodev.com\/de\/cookie-richtlinie\/\",\"url\":\"https:\/\/ekodev.com\/de\/cookie-richtlinie\/\",\"name\":\"Cookie-Richtlinie - ekodev\",\"isPartOf\":{\"@id\":\"https:\/\/ekodev.com\/de\/#website\"},\"datePublished\":\"2022-12-16T15:52:42+00:00\",\"dateModified\":\"2025-05-05T12:35:01+00:00\",\"breadcrumb\":{\"@id\":\"https:\/\/ekodev.com\/de\/cookie-richtlinie\/#breadcrumb\"},\"inLanguage\":\"de-DE\",\"potentialAction\":[{\"@type\":\"ReadAction\",\"target\":[\"https:\/\/ekodev.com\/de\/cookie-richtlinie\/\"]}]},{\"@type\":\"BreadcrumbList\",\"@id\":\"https:\/\/ekodev.com\/de\/cookie-richtlinie\/#breadcrumb\",\"itemListElement\":[{\"@type\":\"ListItem\",\"position\":1,\"name\":\"Accueil\",\"item\":\"https:\/\/ekodev.com\/de\/\"},{\"@type\":\"ListItem\",\"position\":2,\"name\":\"Cookie-Richtlinie\"}]},{\"@type\":\"WebSite\",\"@id\":\"https:\/\/ekodev.com\/de\/#website\",\"url\":\"https:\/\/ekodev.com\/de\/\",\"name\":\"ekodev\",\"description\":\"ekodev website\",\"inLanguage\":\"de-DE\"}]}<\/script>\n<!-- \/ Yoast SEO plugin. -->","yoast_head_json":{"title":"Cookie-Richtlinie - ekodev","robots":{"index":"index","follow":"follow","max-snippet":"max-snippet:-1","max-image-preview":"max-image-preview:large","max-video-preview":"max-video-preview:-1"},"canonical":"https:\/\/ekodev.com\/de\/cookie-richtlinie\/","og_locale":"de_DE","og_type":"article","og_title":"Cookie-Richtlinie - ekodev","og_description":"Definition &amp; Nutzung Um den Internetnutzer:innen die Nutzung der auf unserer Webseite (im Folgenden &#8220;Webseite&#8221;) angebotenen Dienste zu erm\u00f6glichen, verwendet diese Cookies. Sie k\u00f6nnen die Cookies, denen Sie zugestimmt haben, jederzeit kostenlos deaktivieren, indem Sie auf Cookie-Einstellungen in der Fu\u00dfzeile jeder Seite klicken. Wenn Sie die Webseite besuchen, k\u00f6nnen Informationen \u00fcber die Navigation Ihres Endger\u00e4ts &hellip; Continued","og_url":"https:\/\/ekodev.com\/de\/cookie-richtlinie\/","og_site_name":"ekodev","article_modified_time":"2025-05-05T12:35:01+00:00","twitter_card":"summary_large_image","twitter_misc":{"Est. reading time":"3 minutes"},"schema":{"@context":"https:\/\/schema.org","@graph":[{"@type":"WebPage","@id":"https:\/\/ekodev.com\/de\/cookie-richtlinie\/","url":"https:\/\/ekodev.com\/de\/cookie-richtlinie\/","name":"Cookie-Richtlinie - ekodev","isPartOf":{"@id":"https:\/\/ekodev.com\/de\/#website"},"datePublished":"2022-12-16T15:52:42+00:00","dateModified":"2025-05-05T12:35:01+00:00","breadcrumb":{"@id":"https:\/\/ekodev.com\/de\/cookie-richtlinie\/#breadcrumb"},"inLanguage":"de-DE","potentialAction":[{"@type":"ReadAction","target":["https:\/\/ekodev.com\/de\/cookie-richtlinie\/"]}]},{"@type":"BreadcrumbList","@id":"https:\/\/ekodev.com\/de\/cookie-richtlinie\/#breadcrumb","itemListElement":[{"@type":"ListItem","position":1,"name":"Accueil","item":"https:\/\/ekodev.com\/de\/"},{"@type":"ListItem","position":2,"name":"Cookie-Richtlinie"}]},{"@type":"WebSite","@id":"https:\/\/ekodev.com\/de\/#website","url":"https:\/\/ekodev.com\/de\/","name":"ekodev","description":"ekodev website","inLanguage":"de-DE"}]}},"_links":{"self":[{"href":"https:\/\/ekodev.com\/de\/wp-json\/wp\/v2\/pages\/8586","targetHints":{"allow":["GET"]}}],"collection":[{"href":"https:\/\/ekodev.com\/de\/wp-json\/wp\/v2\/pages"}],"about":[{"href":"https:\/\/ekodev.com\/de\/wp-json\/wp\/v2\/types\/page"}],"author":[{"embeddable":true,"href":"https:\/\/ekodev.com\/de\/wp-json\/wp\/v2\/users\/2"}],"replies":[{"embeddable":true,"href":"https:\/\/ekodev.com\/de\/wp-json\/wp\/v2\/comments?post=8586"}],"version-history":[{"count":5,"href":"https:\/\/ekodev.com\/de\/wp-json\/wp\/v2\/pages\/8586\/revisions"}],"predecessor-version":[{"id":11149,"href":"https:\/\/ekodev.com\/de\/wp-json\/wp\/v2\/pages\/8586\/revisions\/11149"}],"wp:attachment":[{"href":"https:\/\/ekodev.com\/de\/wp-json\/wp\/v2\/media?parent=8586"}],"curies":[{"name":"wp","href":"https:\/\/api.w.org\/{rel}","templated":true}]}}