{"id":8068,"date":"2022-12-24T10:54:35","date_gmt":"2022-12-24T10:54:35","guid":{"rendered":"https:\/\/ekodev.com\/?page_id=8068"},"modified":"2024-06-26T14:19:09","modified_gmt":"2024-06-26T14:19:09","slug":"nachhaltige-mobilitae","status":"publish","type":"page","link":"https:\/\/ekodev.com\/de\/nachhaltige-mobilitae\/","title":{"rendered":"Nachhaltige Mobilit\u00e4t"},"content":{"rendered":"","protected":false},"excerpt":{"rendered":"","protected":false},"author":2,"featured_media":0,"parent":0,"menu_order":0,"comment_status":"closed","ping_status":"closed","template":"template-freesection.blade.php","meta":{"_acf_changed":false,"footnotes":""},"class_list":["post-8068","page","type-page","status-publish","hentry"],"acf":[],"yoast_head":"<!-- This site is optimized with the Yoast SEO plugin v26.7 - https:\/\/yoast.com\/wordpress\/plugins\/seo\/ -->\n<title>ekodev - Nachhaltige Mobilit\u00e4t und Mobilit\u00e4tsmanagement<\/title>\n<meta name=\"description\" content=\"Nachhaltige Mobilit\u00e4tspolitik und Mobilit\u00e4tsmanagement f\u00fcr eine aktive und emissionsarme Fortbewegung.\" \/>\n<meta name=\"robots\" content=\"index, follow, max-snippet:-1, max-image-preview:large, max-video-preview:-1\" \/>\n<link rel=\"canonical\" href=\"https:\/\/ekodev.com\/de\/nachhaltige-mobilitae\/\" \/>\n<meta property=\"og:locale\" content=\"de_DE\" \/>\n<meta property=\"og:type\" content=\"article\" \/>\n<meta property=\"og:title\" content=\"ekodev - Nachhaltige Mobilit\u00e4t und Mobilit\u00e4tsmanagement\" \/>\n<meta property=\"og:description\" content=\"Nachhaltige Mobilit\u00e4tspolitik und Mobilit\u00e4tsmanagement f\u00fcr eine aktive und emissionsarme Fortbewegung.\" \/>\n<meta property=\"og:url\" content=\"https:\/\/ekodev.com\/de\/nachhaltige-mobilitae\/\" \/>\n<meta property=\"og:site_name\" content=\"ekodev\" \/>\n<meta property=\"article:modified_time\" content=\"2024-06-26T14:19:09+00:00\" \/>\n<meta name=\"twitter:card\" content=\"summary_large_image\" \/>\n<meta name=\"twitter:label1\" content=\"Est. reading time\" \/>\n\t<meta name=\"twitter:data1\" content=\"5 minutes\" \/>\n<script type=\"application\/ld+json\" class=\"yoast-schema-graph\">{\"@context\":\"https:\/\/schema.org\",\"@graph\":[{\"@type\":\"WebPage\",\"@id\":\"https:\/\/ekodev.com\/de\/nachhaltige-mobilitae\/\",\"url\":\"https:\/\/ekodev.com\/de\/nachhaltige-mobilitae\/\",\"name\":\"ekodev - Nachhaltige Mobilit\u00e4t und Mobilit\u00e4tsmanagement\",\"isPartOf\":{\"@id\":\"https:\/\/ekodev.com\/de\/#website\"},\"datePublished\":\"2022-12-24T10:54:35+00:00\",\"dateModified\":\"2024-06-26T14:19:09+00:00\",\"description\":\"Nachhaltige Mobilit\u00e4tspolitik und Mobilit\u00e4tsmanagement f\u00fcr eine aktive und emissionsarme Fortbewegung.\",\"breadcrumb\":{\"@id\":\"https:\/\/ekodev.com\/de\/nachhaltige-mobilitae\/#breadcrumb\"},\"inLanguage\":\"de-DE\",\"potentialAction\":[{\"@type\":\"ReadAction\",\"target\":[\"https:\/\/ekodev.com\/de\/nachhaltige-mobilitae\/\"]}]},{\"@type\":\"BreadcrumbList\",\"@id\":\"https:\/\/ekodev.com\/de\/nachhaltige-mobilitae\/#breadcrumb\",\"itemListElement\":[{\"@type\":\"ListItem\",\"position\":1,\"name\":\"Accueil\",\"item\":\"https:\/\/ekodev.com\/de\/\"},{\"@type\":\"ListItem\",\"position\":2,\"name\":\"Nachhaltige Mobilit\u00e4t\"}]},{\"@type\":\"WebSite\",\"@id\":\"https:\/\/ekodev.com\/de\/#website\",\"url\":\"https:\/\/ekodev.com\/de\/\",\"name\":\"ekodev\",\"description\":\"ekodev website\",\"inLanguage\":\"de-DE\"}]}<\/script>\n<!-- \/ Yoast SEO plugin. -->","yoast_head_json":{"title":"ekodev - Nachhaltige Mobilit\u00e4t und Mobilit\u00e4tsmanagement","description":"Nachhaltige Mobilit\u00e4tspolitik und Mobilit\u00e4tsmanagement f\u00fcr eine aktive und emissionsarme Fortbewegung.","robots":{"index":"index","follow":"follow","max-snippet":"max-snippet:-1","max-image-preview":"max-image-preview:large","max-video-preview":"max-video-preview:-1"},"canonical":"https:\/\/ekodev.com\/de\/nachhaltige-mobilitae\/","og_locale":"de_DE","og_type":"article","og_title":"ekodev - Nachhaltige Mobilit\u00e4t und Mobilit\u00e4tsmanagement","og_description":"Nachhaltige Mobilit\u00e4tspolitik und Mobilit\u00e4tsmanagement f\u00fcr eine aktive und emissionsarme Fortbewegung.","og_url":"https:\/\/ekodev.com\/de\/nachhaltige-mobilitae\/","og_site_name":"ekodev","article_modified_time":"2024-06-26T14:19:09+00:00","twitter_card":"summary_large_image","twitter_misc":{"Est. reading time":"5 minutes"},"schema":{"@context":"https:\/\/schema.org","@graph":[{"@type":"WebPage","@id":"https:\/\/ekodev.com\/de\/nachhaltige-mobilitae\/","url":"https:\/\/ekodev.com\/de\/nachhaltige-mobilitae\/","name":"ekodev - Nachhaltige Mobilit\u00e4t und Mobilit\u00e4tsmanagement","isPartOf":{"@id":"https:\/\/ekodev.com\/de\/#website"},"datePublished":"2022-12-24T10:54:35+00:00","dateModified":"2024-06-26T14:19:09+00:00","description":"Nachhaltige Mobilit\u00e4tspolitik und Mobilit\u00e4tsmanagement f\u00fcr eine aktive und emissionsarme Fortbewegung.","breadcrumb":{"@id":"https:\/\/ekodev.com\/de\/nachhaltige-mobilitae\/#breadcrumb"},"inLanguage":"de-DE","potentialAction":[{"@type":"ReadAction","target":["https:\/\/ekodev.com\/de\/nachhaltige-mobilitae\/"]}]},{"@type":"BreadcrumbList","@id":"https:\/\/ekodev.com\/de\/nachhaltige-mobilitae\/#breadcrumb","itemListElement":[{"@type":"ListItem","position":1,"name":"Accueil","item":"https:\/\/ekodev.com\/de\/"},{"@type":"ListItem","position":2,"name":"Nachhaltige Mobilit\u00e4t"}]},{"@type":"WebSite","@id":"https:\/\/ekodev.com\/de\/#website","url":"https:\/\/ekodev.com\/de\/","name":"ekodev","description":"ekodev website","inLanguage":"de-DE"}]}},"_links":{"self":[{"href":"https:\/\/ekodev.com\/de\/wp-json\/wp\/v2\/pages\/8068","targetHints":{"allow":["GET"]}}],"collection":[{"href":"https:\/\/ekodev.com\/de\/wp-json\/wp\/v2\/pages"}],"about":[{"href":"https:\/\/ekodev.com\/de\/wp-json\/wp\/v2\/types\/page"}],"author":[{"embeddable":true,"href":"https:\/\/ekodev.com\/de\/wp-json\/wp\/v2\/users\/2"}],"replies":[{"embeddable":true,"href":"https:\/\/ekodev.com\/de\/wp-json\/wp\/v2\/comments?post=8068"}],"version-history":[{"count":8,"href":"https:\/\/ekodev.com\/de\/wp-json\/wp\/v2\/pages\/8068\/revisions"}],"predecessor-version":[{"id":8629,"href":"https:\/\/ekodev.com\/de\/wp-json\/wp\/v2\/pages\/8068\/revisions\/8629"}],"wp:attachment":[{"href":"https:\/\/ekodev.com\/de\/wp-json\/wp\/v2\/media?parent=8068"}],"curies":[{"name":"wp","href":"https:\/\/api.w.org\/{rel}","templated":true}]}}