{"id":8053,"date":"2022-12-23T10:54:53","date_gmt":"2022-12-23T10:54:53","guid":{"rendered":"https:\/\/ekodev.com\/?page_id=8053"},"modified":"2025-05-20T11:54:26","modified_gmt":"2025-05-20T11:54:26","slug":"biodiversitaetsstrategie","status":"publish","type":"page","link":"https:\/\/ekodev.com\/de\/biodiversitaetsstrategie\/","title":{"rendered":"Biodiversit\u00e4tsstrategie"},"content":{"rendered":"","protected":false},"excerpt":{"rendered":"","protected":false},"author":2,"featured_media":0,"parent":0,"menu_order":0,"comment_status":"closed","ping_status":"closed","template":"template-freesection.blade.php","meta":{"_acf_changed":false,"footnotes":""},"class_list":["post-8053","page","type-page","status-publish","hentry"],"acf":[],"yoast_head":"<!-- This site is optimized with the Yoast SEO plugin v26.7 - https:\/\/yoast.com\/wordpress\/plugins\/seo\/ -->\n<title>ekodev - Biodiversit\u00e4tsstrategie und Schutz von \u00d6kosystemen<\/title>\n<meta name=\"description\" content=\"Erarbeiten Sie eine Biodiversit\u00e4tsstrategie, die im Einklang mit Ihrer Klimastrategie zum Schutz von \u00d6kosystemen beitr\u00e4gt.\" \/>\n<meta name=\"robots\" content=\"index, follow, max-snippet:-1, max-image-preview:large, max-video-preview:-1\" \/>\n<link rel=\"canonical\" href=\"https:\/\/ekodev.com\/de\/biodiversitaetsstrategie\/\" \/>\n<meta property=\"og:locale\" content=\"de_DE\" \/>\n<meta property=\"og:type\" content=\"article\" \/>\n<meta property=\"og:title\" content=\"ekodev - Biodiversit\u00e4tsstrategie und Schutz von \u00d6kosystemen\" \/>\n<meta property=\"og:description\" content=\"Erarbeiten Sie eine Biodiversit\u00e4tsstrategie, die im Einklang mit Ihrer Klimastrategie zum Schutz von \u00d6kosystemen beitr\u00e4gt.\" \/>\n<meta property=\"og:url\" content=\"https:\/\/ekodev.com\/de\/biodiversitaetsstrategie\/\" \/>\n<meta property=\"og:site_name\" content=\"ekodev\" \/>\n<meta property=\"article:modified_time\" content=\"2025-05-20T11:54:26+00:00\" \/>\n<meta name=\"twitter:card\" content=\"summary_large_image\" \/>\n<meta name=\"twitter:label1\" content=\"Est. reading time\" \/>\n\t<meta name=\"twitter:data1\" content=\"5 minutes\" \/>\n<script type=\"application\/ld+json\" class=\"yoast-schema-graph\">{\"@context\":\"https:\/\/schema.org\",\"@graph\":[{\"@type\":\"WebPage\",\"@id\":\"https:\/\/ekodev.com\/de\/biodiversitaetsstrategie\/\",\"url\":\"https:\/\/ekodev.com\/de\/biodiversitaetsstrategie\/\",\"name\":\"ekodev - Biodiversit\u00e4tsstrategie und Schutz von \u00d6kosystemen\",\"isPartOf\":{\"@id\":\"https:\/\/ekodev.com\/de\/#website\"},\"datePublished\":\"2022-12-23T10:54:53+00:00\",\"dateModified\":\"2025-05-20T11:54:26+00:00\",\"description\":\"Erarbeiten Sie eine Biodiversit\u00e4tsstrategie, die im Einklang mit Ihrer Klimastrategie zum Schutz von \u00d6kosystemen beitr\u00e4gt.\",\"breadcrumb\":{\"@id\":\"https:\/\/ekodev.com\/de\/biodiversitaetsstrategie\/#breadcrumb\"},\"inLanguage\":\"de-DE\",\"potentialAction\":[{\"@type\":\"ReadAction\",\"target\":[\"https:\/\/ekodev.com\/de\/biodiversitaetsstrategie\/\"]}]},{\"@type\":\"BreadcrumbList\",\"@id\":\"https:\/\/ekodev.com\/de\/biodiversitaetsstrategie\/#breadcrumb\",\"itemListElement\":[{\"@type\":\"ListItem\",\"position\":1,\"name\":\"Accueil\",\"item\":\"https:\/\/ekodev.com\/de\/\"},{\"@type\":\"ListItem\",\"position\":2,\"name\":\"Biodiversit\u00e4tsstrategie\"}]},{\"@type\":\"WebSite\",\"@id\":\"https:\/\/ekodev.com\/de\/#website\",\"url\":\"https:\/\/ekodev.com\/de\/\",\"name\":\"ekodev\",\"description\":\"ekodev website\",\"inLanguage\":\"de-DE\"}]}<\/script>\n<!-- \/ Yoast SEO plugin. -->","yoast_head_json":{"title":"ekodev - Biodiversit\u00e4tsstrategie und Schutz von \u00d6kosystemen","description":"Erarbeiten Sie eine Biodiversit\u00e4tsstrategie, die im Einklang mit Ihrer Klimastrategie zum Schutz von \u00d6kosystemen beitr\u00e4gt.","robots":{"index":"index","follow":"follow","max-snippet":"max-snippet:-1","max-image-preview":"max-image-preview:large","max-video-preview":"max-video-preview:-1"},"canonical":"https:\/\/ekodev.com\/de\/biodiversitaetsstrategie\/","og_locale":"de_DE","og_type":"article","og_title":"ekodev - Biodiversit\u00e4tsstrategie und Schutz von \u00d6kosystemen","og_description":"Erarbeiten Sie eine Biodiversit\u00e4tsstrategie, die im Einklang mit Ihrer Klimastrategie zum Schutz von \u00d6kosystemen beitr\u00e4gt.","og_url":"https:\/\/ekodev.com\/de\/biodiversitaetsstrategie\/","og_site_name":"ekodev","article_modified_time":"2025-05-20T11:54:26+00:00","twitter_card":"summary_large_image","twitter_misc":{"Est. reading time":"5 minutes"},"schema":{"@context":"https:\/\/schema.org","@graph":[{"@type":"WebPage","@id":"https:\/\/ekodev.com\/de\/biodiversitaetsstrategie\/","url":"https:\/\/ekodev.com\/de\/biodiversitaetsstrategie\/","name":"ekodev - Biodiversit\u00e4tsstrategie und Schutz von \u00d6kosystemen","isPartOf":{"@id":"https:\/\/ekodev.com\/de\/#website"},"datePublished":"2022-12-23T10:54:53+00:00","dateModified":"2025-05-20T11:54:26+00:00","description":"Erarbeiten Sie eine Biodiversit\u00e4tsstrategie, die im Einklang mit Ihrer Klimastrategie zum Schutz von \u00d6kosystemen beitr\u00e4gt.","breadcrumb":{"@id":"https:\/\/ekodev.com\/de\/biodiversitaetsstrategie\/#breadcrumb"},"inLanguage":"de-DE","potentialAction":[{"@type":"ReadAction","target":["https:\/\/ekodev.com\/de\/biodiversitaetsstrategie\/"]}]},{"@type":"BreadcrumbList","@id":"https:\/\/ekodev.com\/de\/biodiversitaetsstrategie\/#breadcrumb","itemListElement":[{"@type":"ListItem","position":1,"name":"Accueil","item":"https:\/\/ekodev.com\/de\/"},{"@type":"ListItem","position":2,"name":"Biodiversit\u00e4tsstrategie"}]},{"@type":"WebSite","@id":"https:\/\/ekodev.com\/de\/#website","url":"https:\/\/ekodev.com\/de\/","name":"ekodev","description":"ekodev website","inLanguage":"de-DE"}]}},"_links":{"self":[{"href":"https:\/\/ekodev.com\/de\/wp-json\/wp\/v2\/pages\/8053","targetHints":{"allow":["GET"]}}],"collection":[{"href":"https:\/\/ekodev.com\/de\/wp-json\/wp\/v2\/pages"}],"about":[{"href":"https:\/\/ekodev.com\/de\/wp-json\/wp\/v2\/types\/page"}],"author":[{"embeddable":true,"href":"https:\/\/ekodev.com\/de\/wp-json\/wp\/v2\/users\/2"}],"replies":[{"embeddable":true,"href":"https:\/\/ekodev.com\/de\/wp-json\/wp\/v2\/comments?post=8053"}],"version-history":[{"count":11,"href":"https:\/\/ekodev.com\/de\/wp-json\/wp\/v2\/pages\/8053\/revisions"}],"predecessor-version":[{"id":11187,"href":"https:\/\/ekodev.com\/de\/wp-json\/wp\/v2\/pages\/8053\/revisions\/11187"}],"wp:attachment":[{"href":"https:\/\/ekodev.com\/de\/wp-json\/wp\/v2\/media?parent=8053"}],"curies":[{"name":"wp","href":"https:\/\/api.w.org\/{rel}","templated":true}]}}